{"id":6881,"date":"2025-07-27T05:05:38","date_gmt":"2025-07-27T03:05:38","guid":{"rendered":"https:\/\/gracecos.fr\/?post_type=product&#038;p=6881"},"modified":"2026-02-14T13:25:29","modified_gmt":"2026-02-14T12:25:29","slug":"kit-summer-glow","status":"publish","type":"product","link":"https:\/\/gracecos.fr\/index.php\/product\/kit-summer-glow\/","title":{"rendered":"\ud83c\udf51 PEACH COLLECTION \ud83c\udf51"},"content":{"rendered":"<h3 data-start=\"1474\" data-end=\"1546\" style=\"text-align: center\" data-mce-style=\"text-align: center;\">\ud83c\udf51 PEACH COLLECTION \ud83c\udf51<\/h3>\n<h3 data-start=\"1474\" data-end=\"1546\" style=\"text-align: center\" data-mce-style=\"text-align: center;\">Tu veux sentir DIVINEMENT bon et avoir une peau de r\u00eave ?<\/h3>\n<h3 data-start=\"1474\" data-end=\"1546\" style=\"text-align: center\" data-mce-style=\"text-align: center;\">Voici ton kit complet :<\/h3>\n<h3 data-start=\"1474\" data-end=\"1546\" style=\"text-align: center\" data-mce-style=\"text-align: center;\">\u2728 Huile Paillet\u00e9e GRACE \u2192 Brillance<\/h3>\n<h3 data-start=\"1474\" data-end=\"1546\" style=\"text-align: center\" data-mce-style=\"text-align: center;\">\ud83c\udf51 Huile Peach on the Beach \u2192 Parfum gourmand<\/h3>\n<h3 data-start=\"1474\" data-end=\"1546\" style=\"text-align: center\" data-mce-style=\"text-align: center;\">\ud83e\uddf4 Chantilly de Karit\u00e9 \u2192 Hydratation intense<\/h3>\n<h3 data-start=\"1474\" data-end=\"1546\" style=\"text-align: center\" data-mce-style=\"text-align: center;\">\ud83d\udc95 Gommage P\u00eache \u2192 Douceur absolue<br \/><span style=\"font-size: 16px\" data-mce-style=\"font-size: 16px;\">Pour \u00eatre SUCR\u00c9E toute la journ\u00e9e \ud83c\udf6d\u2728<\/span><\/h3>\n","protected":false},"excerpt":{"rendered":"<p><span id=\"_mce_caret\" data-mce-bogus=\"1\" data-mce-type=\"format-caret\"><del><\/del><\/span>Le secret pour sentir bon toute la journ\u00e9e ?\u00a0<\/p>\n<p>Ma collection SUCR\u00c9E \ud83c\udf51\ud83d\udcab<\/p>\n","protected":false},"featured_media":6932,"comment_status":"open","ping_status":"closed","template":"","meta":{"_acf_changed":false,"_seopress_robots_primary_cat":"none","_seopress_titles_title":"","_seopress_titles_desc":"","_seopress_robots_index":"","_mi_skip_tracking":false},"product_cat":[15],"product_tag":[],"class_list":{"0":"post-6881","1":"product","2":"type-product","3":"status-publish","4":"has-post-thumbnail","6":"product_cat-sans-categorie","7":"product_shipping_class-3-5-jours-ouvres","10":"instock","11":"shipping-taxable","12":"purchasable","13":"product-type-simple"},"acf":[],"_links":{"self":[{"href":"https:\/\/gracecos.fr\/index.php\/wp-json\/wp\/v2\/product\/6881","targetHints":{"allow":["GET"]}}],"collection":[{"href":"https:\/\/gracecos.fr\/index.php\/wp-json\/wp\/v2\/product"}],"about":[{"href":"https:\/\/gracecos.fr\/index.php\/wp-json\/wp\/v2\/types\/product"}],"replies":[{"embeddable":true,"href":"https:\/\/gracecos.fr\/index.php\/wp-json\/wp\/v2\/comments?post=6881"}],"version-history":[{"count":7,"href":"https:\/\/gracecos.fr\/index.php\/wp-json\/wp\/v2\/product\/6881\/revisions"}],"predecessor-version":[{"id":6936,"href":"https:\/\/gracecos.fr\/index.php\/wp-json\/wp\/v2\/product\/6881\/revisions\/6936"}],"wp:featuredmedia":[{"embeddable":true,"href":"https:\/\/gracecos.fr\/index.php\/wp-json\/wp\/v2\/media\/6932"}],"wp:attachment":[{"href":"https:\/\/gracecos.fr\/index.php\/wp-json\/wp\/v2\/media?parent=6881"}],"wp:term":[{"taxonomy":"product_cat","embeddable":true,"href":"https:\/\/gracecos.fr\/index.php\/wp-json\/wp\/v2\/product_cat?post=6881"},{"taxonomy":"product_tag","embeddable":true,"href":"https:\/\/gracecos.fr\/index.php\/wp-json\/wp\/v2\/product_tag?post=6881"}],"curies":[{"name":"wp","href":"https:\/\/api.w.org\/{rel}","templated":true}]}}