{"id":6822,"date":"2025-07-26T20:01:51","date_gmt":"2025-07-26T18:01:51","guid":{"rendered":"https:\/\/gracecos.fr\/?post_type=product&#038;p=6822"},"modified":"2025-07-27T04:24:34","modified_gmt":"2025-07-27T02:24:34","slug":"chantilly-gracecos-peach","status":"publish","type":"product","link":"https:\/\/gracecos.fr\/index.php\/product\/chantilly-gracecos-peach\/","title":{"rendered":"CHANTILLY GRACECOS Peach"},"content":{"rendered":"<h4 data-start=\"541\" data-end=\"568\">\u2705\u00a0<strong data-start=\"548\" data-end=\"566\">Points forts :<\/strong><\/h4>\n<ul data-start=\"569\" data-end=\"808\">\n<li data-start=\"569\" data-end=\"623\">\n<p data-start=\"571\" data-end=\"623\">Nourrit intens\u00e9ment les peaux s\u00e8ches \u00e0 tr\u00e8s s\u00e8ches<\/p>\n<\/li>\n<li data-start=\"624\" data-end=\"669\">\n<p data-start=\"626\" data-end=\"669\">Laisse la peau douce, souple et lumineuse<\/p>\n<\/li>\n<li data-start=\"670\" data-end=\"709\">\n<p data-start=\"672\" data-end=\"709\">Texture fondante facile \u00e0 appliquer<\/p>\n<\/li>\n<li data-start=\"710\" data-end=\"775\">\n<p data-start=\"712\" data-end=\"775\">Formule clean et adapt\u00e9e aux peaux noires, mates et m\u00e9tiss\u00e9es<\/p>\n<\/li>\n<li data-start=\"776\" data-end=\"808\">\n<p data-start=\"778\" data-end=\"808\">Parfum gourmand longue dur\u00e9e<\/p>\n<\/li>\n<\/ul>\n<h3 data-start=\"1336\" data-end=\"1377\">\ud83c\udf51 <strong data-start=\"1343\" data-end=\"1357\">Peach Glow<\/strong> \u2013 <em data-start=\"1360\" data-end=\"1375\">\u00c9clat velout\u00e9<\/em><\/h3>\n<blockquote data-start=\"1378\" data-end=\"1568\">\n<p data-start=\"1380\" data-end=\"1568\"><strong data-start=\"1380\" data-end=\"1393\">Senteur :<\/strong> P\u00eache douce et velout\u00e9e, l\u00e9g\u00e8rement sucr\u00e9e<br data-start=\"1436\" data-end=\"1439\" \/><strong data-start=\"1441\" data-end=\"1455\">Ambiance :<\/strong> \u00c9t\u00e9, peau douce, lumi\u00e8re dor\u00e9e<br data-start=\"1486\" data-end=\"1489\" \/><strong data-start=\"1491\" data-end=\"1509\">Parfait pour :<\/strong> Un effet &#8220;peau de p\u00eache&#8221;, lumineux et hydrat\u00e9 au quotidien<\/p>\n<\/blockquote>\n","protected":false},"excerpt":{"rendered":"<p>Une texture l\u00e9g\u00e8re et a\u00e9rienne, comme une chantilly onctueuse, qui fond instantan\u00e9ment sur la peau. Formul\u00e9s \u00e0 base de karit\u00e9, d\u2019huiles v\u00e9g\u00e9tales pr\u00e9cieuses et de vitamine E, nos beurres fouett\u00e9s nourrissent, adoucissent et subliment toutes les carnations, sans fini gras.<\/p>\n","protected":false},"featured_media":6769,"comment_status":"open","ping_status":"closed","template":"","meta":{"_acf_changed":false,"_seopress_robots_primary_cat":"none","_seopress_titles_title":"","_seopress_titles_desc":"","_seopress_robots_index":"","_mi_skip_tracking":false},"product_cat":[15],"product_tag":[],"class_list":{"0":"post-6822","1":"product","2":"type-product","3":"status-publish","4":"has-post-thumbnail","6":"product_cat-sans-categorie","7":"product_shipping_class-3-5-jours-ouvres","10":"instock","11":"sale","12":"featured","13":"shipping-taxable","14":"purchasable","15":"product-type-simple"},"acf":[],"_links":{"self":[{"href":"https:\/\/gracecos.fr\/index.php\/wp-json\/wp\/v2\/product\/6822","targetHints":{"allow":["GET"]}}],"collection":[{"href":"https:\/\/gracecos.fr\/index.php\/wp-json\/wp\/v2\/product"}],"about":[{"href":"https:\/\/gracecos.fr\/index.php\/wp-json\/wp\/v2\/types\/product"}],"replies":[{"embeddable":true,"href":"https:\/\/gracecos.fr\/index.php\/wp-json\/wp\/v2\/comments?post=6822"}],"version-history":[{"count":3,"href":"https:\/\/gracecos.fr\/index.php\/wp-json\/wp\/v2\/product\/6822\/revisions"}],"predecessor-version":[{"id":6878,"href":"https:\/\/gracecos.fr\/index.php\/wp-json\/wp\/v2\/product\/6822\/revisions\/6878"}],"wp:featuredmedia":[{"embeddable":true,"href":"https:\/\/gracecos.fr\/index.php\/wp-json\/wp\/v2\/media\/6769"}],"wp:attachment":[{"href":"https:\/\/gracecos.fr\/index.php\/wp-json\/wp\/v2\/media?parent=6822"}],"wp:term":[{"taxonomy":"product_cat","embeddable":true,"href":"https:\/\/gracecos.fr\/index.php\/wp-json\/wp\/v2\/product_cat?post=6822"},{"taxonomy":"product_tag","embeddable":true,"href":"https:\/\/gracecos.fr\/index.php\/wp-json\/wp\/v2\/product_tag?post=6822"}],"curies":[{"name":"wp","href":"https:\/\/api.w.org\/{rel}","templated":true}]}}