{"id":6810,"date":"2025-07-26T19:46:39","date_gmt":"2025-07-26T17:46:39","guid":{"rendered":"https:\/\/gracecos.fr\/?post_type=product&#038;p=6810"},"modified":"2025-07-27T04:24:43","modified_gmt":"2025-07-27T02:24:43","slug":"chantilly-gracecos-tropicoco","status":"publish","type":"product","link":"https:\/\/gracecos.fr\/index.php\/product\/chantilly-gracecos-tropicoco\/","title":{"rendered":"CHANTILLY GRACECOS Tropicoco"},"content":{"rendered":"<h4 data-start=\"541\" data-end=\"568\">Une texture l\u00e9g\u00e8re et a\u00e9rienne, comme une chantilly onctueuse, qui fond instantan\u00e9ment sur la peau. Formul\u00e9s \u00e0 base de karit\u00e9, d\u2019huiles v\u00e9g\u00e9tales pr\u00e9cieuses et de vitamine E, nos beurres fouett\u00e9s nourrissent, adoucissent et subliment toutes les carnations, sans fini gras. <strong data-start=\"548\" data-end=\"566\">Points forts :<\/strong><\/h4>\n<ul data-start=\"569\" data-end=\"808\">\n<li data-start=\"569\" data-end=\"623\">\n<p data-start=\"571\" data-end=\"623\">Nourrit intens\u00e9ment les peaux s\u00e8ches \u00e0 tr\u00e8s s\u00e8ches<\/p>\n<\/li>\n<li data-start=\"624\" data-end=\"669\">\n<p data-start=\"626\" data-end=\"669\">Laisse la peau douce, souple et lumineuse<\/p>\n<\/li>\n<li data-start=\"670\" data-end=\"709\">\n<p data-start=\"672\" data-end=\"709\">Texture fondante facile \u00e0 appliquer<\/p>\n<\/li>\n<li data-start=\"710\" data-end=\"775\">\n<p data-start=\"712\" data-end=\"775\">Formule clean et adapt\u00e9e aux peaux noires, mates et m\u00e9tiss\u00e9es<\/p>\n<\/li>\n<li data-start=\"776\" data-end=\"808\">\n<p data-start=\"778\" data-end=\"808\">Parfum gourmand longue dur\u00e9e<\/p>\n<\/li>\n<\/ul>\n","protected":false},"excerpt":{"rendered":"<p>Une texture l\u00e9g\u00e8re et a\u00e9rienne, comme une chantilly onctueuse, qui fond instantan\u00e9ment sur la peau. Formul\u00e9s \u00e0 base de karit\u00e9, d\u2019huiles v\u00e9g\u00e9tales pr\u00e9cieuses et de vitamine E, nos beurres fouett\u00e9s nourrissent, adoucissent et subliment toutes les carnations, sans fini gras. Points forts : Nourrit intens\u00e9ment les peaux s\u00e8ches \u00e0 tr\u00e8s s\u00e8ches Laisse la peau douce, &hellip; <a href=\"https:\/\/gracecos.fr\/index.php\/product\/chantilly-gracecos-tropicoco\/\" class=\"more-link\">Continue reading <span class=\"screen-reader-text\">CHANTILLY GRACECOS Tropicoco<\/span><\/a><\/p>\n","protected":false},"featured_media":6773,"comment_status":"open","ping_status":"closed","template":"","meta":{"_acf_changed":false,"_seopress_robots_primary_cat":"none","_seopress_titles_title":"","_seopress_titles_desc":"","_seopress_robots_index":"","_mi_skip_tracking":false},"product_cat":[15,45,49],"product_tag":[],"class_list":{"0":"post-6810","1":"product","2":"type-product","3":"status-publish","4":"has-post-thumbnail","6":"product_cat-sans-categorie","7":"product_cat-soins-corporels","8":"product_cat-soins-de-peau","11":"instock","12":"sale","13":"featured","14":"shipping-taxable","15":"purchasable","16":"product-type-simple"},"acf":[],"_links":{"self":[{"href":"https:\/\/gracecos.fr\/index.php\/wp-json\/wp\/v2\/product\/6810","targetHints":{"allow":["GET"]}}],"collection":[{"href":"https:\/\/gracecos.fr\/index.php\/wp-json\/wp\/v2\/product"}],"about":[{"href":"https:\/\/gracecos.fr\/index.php\/wp-json\/wp\/v2\/types\/product"}],"replies":[{"embeddable":true,"href":"https:\/\/gracecos.fr\/index.php\/wp-json\/wp\/v2\/comments?post=6810"}],"version-history":[{"count":8,"href":"https:\/\/gracecos.fr\/index.php\/wp-json\/wp\/v2\/product\/6810\/revisions"}],"predecessor-version":[{"id":6860,"href":"https:\/\/gracecos.fr\/index.php\/wp-json\/wp\/v2\/product\/6810\/revisions\/6860"}],"wp:featuredmedia":[{"embeddable":true,"href":"https:\/\/gracecos.fr\/index.php\/wp-json\/wp\/v2\/media\/6773"}],"wp:attachment":[{"href":"https:\/\/gracecos.fr\/index.php\/wp-json\/wp\/v2\/media?parent=6810"}],"wp:term":[{"taxonomy":"product_cat","embeddable":true,"href":"https:\/\/gracecos.fr\/index.php\/wp-json\/wp\/v2\/product_cat?post=6810"},{"taxonomy":"product_tag","embeddable":true,"href":"https:\/\/gracecos.fr\/index.php\/wp-json\/wp\/v2\/product_tag?post=6810"}],"curies":[{"name":"wp","href":"https:\/\/api.w.org\/{rel}","templated":true}]}}