{"id":6806,"date":"2025-07-26T19:39:51","date_gmt":"2025-07-26T17:39:51","guid":{"rendered":"https:\/\/gracecos.fr\/?post_type=product&#038;p=6806"},"modified":"2025-07-27T04:24:54","modified_gmt":"2025-07-27T02:24:54","slug":"chantilly-gracecos-pink-lollipop","status":"publish","type":"product","link":"https:\/\/gracecos.fr\/index.php\/product\/chantilly-gracecos-pink-lollipop\/","title":{"rendered":"CHANTILLY GRACECOS Pink Lollipop"},"content":{"rendered":"<h4 data-start=\"541\" data-end=\"568\">\u2705\u00a0<strong data-start=\"548\" data-end=\"566\">Points forts :<\/strong><\/h4>\n<ul data-start=\"569\" data-end=\"808\">\n<li data-start=\"569\" data-end=\"623\">\n<p data-start=\"571\" data-end=\"623\">Nourrit intens\u00e9ment les peaux s\u00e8ches \u00e0 tr\u00e8s s\u00e8ches<\/p>\n<\/li>\n<li data-start=\"624\" data-end=\"669\">\n<p data-start=\"626\" data-end=\"669\">Laisse la peau douce, souple et lumineuse<\/p>\n<\/li>\n<li data-start=\"670\" data-end=\"709\">\n<p data-start=\"672\" data-end=\"709\">Texture fondante facile \u00e0 appliquer<\/p>\n<\/li>\n<li data-start=\"710\" data-end=\"775\">\n<p data-start=\"712\" data-end=\"775\">Formule clean et adapt\u00e9e aux peaux noires, mates et m\u00e9tiss\u00e9es<\/p>\n<\/li>\n<li data-start=\"776\" data-end=\"808\">\n<p data-start=\"778\" data-end=\"808\">Parfum gourmand longue dur\u00e9e<\/p>\n<\/li>\n<\/ul>\n<h3 data-start=\"1079\" data-end=\"1126\">\ud83c\udf53\u00a0<strong data-start=\"1086\" data-end=\"1106\">Strawberry Dream<\/strong>\u00a0\u2013\u00a0<em data-start=\"1109\" data-end=\"1124\">D\u00e9lice fruit\u00e9<\/em><\/h3>\n<blockquote data-start=\"1127\" data-end=\"1329\">\n<p data-start=\"1129\" data-end=\"1329\"><strong data-start=\"1129\" data-end=\"1142\">Senteur :<\/strong>\u00a0Fraise sucr\u00e9e et juteuse, avec une touche de cr\u00e8me<br data-start=\"1193\" data-end=\"1196\"><strong data-start=\"1198\" data-end=\"1212\">Ambiance :<\/strong>\u00a0Gourmandise, fra\u00eecheur et f\u00e9minit\u00e9<br data-start=\"1247\" data-end=\"1250\"><strong data-start=\"1252\" data-end=\"1270\">Parfait pour :<\/strong>\u00a0Celles qui aiment se sentir sucr\u00e9es, cute et irr\u00e9sistibles<\/p>\n<\/blockquote>\n","protected":false},"excerpt":{"rendered":"<p>Une texture l\u00e9g\u00e8re et a\u00e9rienne, comme une chantilly onctueuse, qui fond instantan\u00e9ment sur la peau. Formul\u00e9s \u00e0 base de karit\u00e9, d\u2019huiles v\u00e9g\u00e9tales pr\u00e9cieuses et de vitamine E, nos beurres fouett\u00e9s nourrissent, adoucissent et subliment toutes les carnations, sans fini gras.<\/p>\n","protected":false},"featured_media":6774,"comment_status":"open","ping_status":"closed","template":"","meta":{"_acf_changed":false,"_seopress_robots_primary_cat":"","_seopress_titles_title":"","_seopress_titles_desc":"","_seopress_robots_index":"","_mi_skip_tracking":false},"product_cat":[15],"product_tag":[],"class_list":{"0":"post-6806","1":"product","2":"type-product","3":"status-publish","4":"has-post-thumbnail","6":"product_cat-sans-categorie","9":"instock","10":"sale","11":"featured","12":"shipping-taxable","13":"purchasable","14":"product-type-simple"},"acf":[],"_links":{"self":[{"href":"https:\/\/gracecos.fr\/index.php\/wp-json\/wp\/v2\/product\/6806","targetHints":{"allow":["GET"]}}],"collection":[{"href":"https:\/\/gracecos.fr\/index.php\/wp-json\/wp\/v2\/product"}],"about":[{"href":"https:\/\/gracecos.fr\/index.php\/wp-json\/wp\/v2\/types\/product"}],"replies":[{"embeddable":true,"href":"https:\/\/gracecos.fr\/index.php\/wp-json\/wp\/v2\/comments?post=6806"}],"version-history":[{"count":2,"href":"https:\/\/gracecos.fr\/index.php\/wp-json\/wp\/v2\/product\/6806\/revisions"}],"predecessor-version":[{"id":6816,"href":"https:\/\/gracecos.fr\/index.php\/wp-json\/wp\/v2\/product\/6806\/revisions\/6816"}],"wp:featuredmedia":[{"embeddable":true,"href":"https:\/\/gracecos.fr\/index.php\/wp-json\/wp\/v2\/media\/6774"}],"wp:attachment":[{"href":"https:\/\/gracecos.fr\/index.php\/wp-json\/wp\/v2\/media?parent=6806"}],"wp:term":[{"taxonomy":"product_cat","embeddable":true,"href":"https:\/\/gracecos.fr\/index.php\/wp-json\/wp\/v2\/product_cat?post=6806"},{"taxonomy":"product_tag","embeddable":true,"href":"https:\/\/gracecos.fr\/index.php\/wp-json\/wp\/v2\/product_tag?post=6806"}],"curies":[{"name":"wp","href":"https:\/\/api.w.org\/{rel}","templated":true}]}}