{"id":181,"date":"2021-10-20T04:38:46","date_gmt":"2021-10-20T04:38:46","guid":{"rendered":"https:\/\/hara.thembaydev.com\/?post_type=product&#038;p=181"},"modified":"2025-07-27T04:28:07","modified_gmt":"2025-07-27T02:28:07","slug":"aha-serum","status":"publish","type":"product","link":"https:\/\/gracecos.fr\/index.php\/product\/aha-serum\/","title":{"rendered":"Box Glow"},"content":{"rendered":"<p>Ce que contient la box :<\/p>\n<p>1.S\u00e9rum AHA (30 ml) 20\u20ac<\/p>\n<p>Un concentr\u00e9 d\u2019\u00e9clat gr\u00e2ce aux acides de fruits (AHA) qui exfolient en douceur, favorisent le renouvellement cellulaire et r\u00e9v\u00e8lent un teint plus lumineux et unifi\u00e9. Id\u00e9al pour booster l\u2019\u00e9clat et lisser les irr\u00e9gularit\u00e9s.<\/p>\n<p>2.Masque Visage Argile &amp; Curcuma (120 g) 30\u20ac<\/p>\n<p>Ce masque purifiant et revitalisant combine les bienfaits absorbants de l\u2019argile pour \u00e9liminer les impuret\u00e9s et les vertus anti-inflammatoires du curcuma pour apaiser la peau. R\u00e9sultat : une peau douce, lumineuse et clarifi\u00e9e.<\/p>\n<p>Les atouts de la box :<\/p>\n<p>\u2022Des ingr\u00e9dients naturels et efficaces pour un teint \u00e9clatant.<\/p>\n<p>\u2022Une combinaison parfaite pour une routine \u00e9clat hebdomadaire.<\/p>\n<p>\u2022Convient \u00e0 tous types de peaux, m\u00eame les plus sensibles.<\/p>\n<ul>\n<li>Anti-acn\u00e9<\/li>\n<li>Resserre les pores<\/li>\n<\/ul>\n<h3><strong>COMMENT L&#8217;UTILISER ?<\/strong><\/h3>\n<p>Apr\u00e8s le nettoyage, appliquez une quantit\u00e9 appropri\u00e9e sur le visage et massez doucement jusqu\u2019\u00e0 absorption. Pour les peaux sensibles, veuillez d&#8217;abord l&#8217;essayer.<\/p>\n<p>Il est recommand\u00e9 de l&#8217;utiliser 1 \u00e0 2 fois par semaine le soir.<\/p>\n<p>Veuillez faire attention \u00e0 l\u2019exposition solaire et \u00e0 l&#8217;hydratation apr\u00e8s utilisation.<\/p>\n<h3><strong>INGR\u00c9DIENTS <\/strong><\/h3>\n<p>Acide glycolique, Aqua, Aloe, Hydroxyde de sodium, Daucus Carota Sativa Extract, Propanediol, Dim\u00e9thylamine, Acide salicylique, Citrate de potassium, Acide lactique, Acide tartrique, Acide citrique, Panth\u00e9nol, Acide hyaluronique de sodium, Tasmannia Lanceolata Fruit\/Leaf Extract, glyc\u00e9rine, Pentyl\u00e8neglycol, gomme de xanthane, polysorbate, disuccinate trisodique d\u2019\u00e9thyl\u00e8nediamine, sorbate de potassium, benzoate de sodium, \u00e9thylhexylglyc\u00e9rine.<\/p>\n","protected":false},"excerpt":{"rendered":"<p>Offrez ou adoptez un rituel \u00e9clat ultime avec cette box sp\u00e9cialement pens\u00e9e pour illuminer le teint et raviver la beaut\u00e9 naturelle de votre peau. Parfaite pour une peau resplendissante en toute occasion !<\/p>\n","protected":false},"featured_media":6648,"comment_status":"open","ping_status":"closed","template":"","meta":{"_acf_changed":false,"_seopress_robots_primary_cat":"none","_seopress_titles_title":"","_seopress_titles_desc":"","_seopress_robots_index":"","_mi_skip_tracking":false},"product_cat":[70,57,49],"product_tag":[],"class_list":{"0":"post-181","1":"product","2":"type-product","3":"status-publish","4":"has-post-thumbnail","6":"product_cat-gommages","7":"product_cat-nettoyants","8":"product_cat-soins-de-peau","9":"product_shipping_class-3-5-jours-ouvres","10":"pa_volume-30-ml","13":"outofstock","14":"shipping-taxable","15":"purchasable","16":"product-type-simple"},"acf":[],"_links":{"self":[{"href":"https:\/\/gracecos.fr\/index.php\/wp-json\/wp\/v2\/product\/181","targetHints":{"allow":["GET"]}}],"collection":[{"href":"https:\/\/gracecos.fr\/index.php\/wp-json\/wp\/v2\/product"}],"about":[{"href":"https:\/\/gracecos.fr\/index.php\/wp-json\/wp\/v2\/types\/product"}],"replies":[{"embeddable":true,"href":"https:\/\/gracecos.fr\/index.php\/wp-json\/wp\/v2\/comments?post=181"}],"version-history":[{"count":7,"href":"https:\/\/gracecos.fr\/index.php\/wp-json\/wp\/v2\/product\/181\/revisions"}],"predecessor-version":[{"id":6828,"href":"https:\/\/gracecos.fr\/index.php\/wp-json\/wp\/v2\/product\/181\/revisions\/6828"}],"wp:featuredmedia":[{"embeddable":true,"href":"https:\/\/gracecos.fr\/index.php\/wp-json\/wp\/v2\/media\/6648"}],"wp:attachment":[{"href":"https:\/\/gracecos.fr\/index.php\/wp-json\/wp\/v2\/media?parent=181"}],"wp:term":[{"taxonomy":"product_cat","embeddable":true,"href":"https:\/\/gracecos.fr\/index.php\/wp-json\/wp\/v2\/product_cat?post=181"},{"taxonomy":"product_tag","embeddable":true,"href":"https:\/\/gracecos.fr\/index.php\/wp-json\/wp\/v2\/product_tag?post=181"}],"curies":[{"name":"wp","href":"https:\/\/api.w.org\/{rel}","templated":true}]}}