{"id":173,"date":"2021-10-20T04:38:40","date_gmt":"2021-10-20T04:38:40","guid":{"rendered":"https:\/\/hara.thembaydev.com\/?post_type=product&#038;p=173"},"modified":"2025-07-27T10:17:09","modified_gmt":"2025-07-27T08:17:09","slug":"masque-curcuma-argile","status":"publish","type":"product","link":"https:\/\/gracecos.fr\/index.php\/product\/masque-curcuma-argile\/","title":{"rendered":"Masque Curcuma &#038; Argile"},"content":{"rendered":"<p>Le masque au curcuma <strong>(pinceau offert)<\/strong>, est un masque de beaut\u00e9 tr\u00e8s doux et apaisant qui ajoute un effet hydratant maximal \u00e0 votre peau. \u00c9limine les acn\u00e9s ainsi que les taches caus\u00e9es par elles.<br \/>Il laissera votre peau propre, fra\u00eeche et douce. Il aidera \u00e0 rajeunir les cellules fatigu\u00e9es de la peau pour un teint plus lumineux et uniforme.<\/p>\n<h3><span style=\"color: #ff9900\" data-mce-style=\"color: #ff9900;\"><strong>Comment l\u2019utiliser ?<\/strong><\/span><\/h3>\n<p>Apr\u00e8s avoir nettoy\u00e9 le visage, appliquez une petite quantit\u00e9 uniform\u00e9ment sur le visage, en \u00e9vitant les yeux et les l\u00e8vres.<\/p>\n<p>Laissez s\u00e9cher compl\u00e8tement 15 \u00e0 20 minutes puis retirez d\u00e9licatement et rincez le visage avec de l&#8217;eau.<\/p>\n<h3><span style=\"color: #ff9900\" data-mce-style=\"color: #ff9900;\"><strong>Informations importantes<\/strong><\/span><\/h3>\n<p>En cas d&#8217;irritation de la peau, cesser imm\u00e9diatement l&#8217;utilisation. Tenir hors de port\u00e9e des enfants.<\/p>\n<h3><span style=\"color: #ff9900\" data-mce-style=\"color: #ff9900;\"><strong>Conditions de stockage<\/strong><\/span><\/h3>\n<p>Veuillez le placer dans un endroit frais et sec, \u00e9viter la lumi\u00e8re directe du soleil ou les temp\u00e9ratures chaudes.<\/p>\n<h3><span style=\"color: #ff9900\" data-mce-style=\"color: #ff9900;\"><strong>Ingr\u00e9dients<\/strong><\/span><\/h3>\n<p>Extrait racine de r\u00e9glisse, Kaolin, glyc\u00e9rine, extrait de curcuma, extrait de racine de scutellaria baicalensis, camellia sinensis et de feuille de romarin.<\/p>\n<div id=\"gtx-trans\" style=\"position: absolute;left: 162px;top: 48px\" data-mce-style=\"position: absolute; left: 162px; top: 48px;\">\n<div class=\"gtx-trans-icon\"><\/div>\n<\/div>\n","protected":false},"excerpt":{"rendered":"<p>Le masque au curcuma et son <strong>pinceau offert, <\/strong>est un masque de beaut\u00e9 tr\u00e8s doux et apaisant qui ajoute un effet hydratant maximal \u00e0 votre peau. \u00c9limine les acn\u00e9s ainsi que les taches caus\u00e9es par elles.<\/p>\n<ul>\n<li>Purifiant<\/li>\n<li>Anti-\u00e2ge<\/li>\n<li>Anti-acn\u00e9<\/li>\n<\/ul>\n","protected":false},"featured_media":6498,"comment_status":"open","ping_status":"closed","template":"","meta":{"_acf_changed":false,"_seopress_robots_primary_cat":"","_seopress_titles_title":"","_seopress_titles_desc":"","_seopress_robots_index":"","_mi_skip_tracking":false},"product_cat":[70,45,49],"product_tag":[43,48],"class_list":{"0":"post-173","1":"product","2":"type-product","3":"status-publish","4":"has-post-thumbnail","6":"product_cat-gommages","7":"product_cat-soins-corporels","8":"product_cat-soins-de-peau","9":"product_tag-anti-age","10":"product_tag-exfoliants","11":"product_shipping_class-3-5-jours-ouvres","14":"instock","15":"featured","16":"shipping-taxable","17":"purchasable","18":"product-type-simple"},"acf":[],"_links":{"self":[{"href":"https:\/\/gracecos.fr\/index.php\/wp-json\/wp\/v2\/product\/173","targetHints":{"allow":["GET"]}}],"collection":[{"href":"https:\/\/gracecos.fr\/index.php\/wp-json\/wp\/v2\/product"}],"about":[{"href":"https:\/\/gracecos.fr\/index.php\/wp-json\/wp\/v2\/types\/product"}],"replies":[{"embeddable":true,"href":"https:\/\/gracecos.fr\/index.php\/wp-json\/wp\/v2\/comments?post=173"}],"version-history":[{"count":7,"href":"https:\/\/gracecos.fr\/index.php\/wp-json\/wp\/v2\/product\/173\/revisions"}],"predecessor-version":[{"id":6888,"href":"https:\/\/gracecos.fr\/index.php\/wp-json\/wp\/v2\/product\/173\/revisions\/6888"}],"wp:featuredmedia":[{"embeddable":true,"href":"https:\/\/gracecos.fr\/index.php\/wp-json\/wp\/v2\/media\/6498"}],"wp:attachment":[{"href":"https:\/\/gracecos.fr\/index.php\/wp-json\/wp\/v2\/media?parent=173"}],"wp:term":[{"taxonomy":"product_cat","embeddable":true,"href":"https:\/\/gracecos.fr\/index.php\/wp-json\/wp\/v2\/product_cat?post=173"},{"taxonomy":"product_tag","embeddable":true,"href":"https:\/\/gracecos.fr\/index.php\/wp-json\/wp\/v2\/product_tag?post=173"}],"curies":[{"name":"wp","href":"https:\/\/api.w.org\/{rel}","templated":true}]}}