{"id":167,"date":"2021-10-20T04:36:35","date_gmt":"2021-10-20T04:36:35","guid":{"rendered":"https:\/\/hara.thembaydev.com\/?post_type=product&#038;p=167"},"modified":"2024-12-21T18:21:11","modified_gmt":"2024-12-21T17:21:11","slug":"gel-douche-purifiant","status":"publish","type":"product","link":"https:\/\/gracecos.fr\/index.php\/product\/gel-douche-purifiant\/","title":{"rendered":"Box 0% acn\u00e9s"},"content":{"rendered":"<p>Ce que contient la box :<\/p>\n<p>1.Lotion Tonique Anti-Acn\u00e9 aux Acides de Fruits (100 ml) 25\u20ac<\/p>\n<p>Une lotion purifiante qui r\u00e9gule l\u2019exc\u00e8s de s\u00e9bum, d\u00e9sobstrue les pores et aide \u00e0 r\u00e9duire l\u2019apparence des imperfections. Enrichie en acides de fruits pour une exfoliation douce et une peau plus nette jour apr\u00e8s jour.<\/p>\n<p>2.S\u00e9rum AHA (30 ml) 20\u20ac<\/p>\n<p>Un s\u00e9rum puissant \u00e0 base d\u2019acides de fruits pour exfolier, lisser les irr\u00e9gularit\u00e9s et favoriser le renouvellement cellulaire. Id\u00e9al pour att\u00e9nuer les cicatrices d\u2019acn\u00e9 et obtenir un teint uniforme et lumineux.<\/p>\n<p>3.Masque Visage Argile &amp; Curcuma (120g) 30\u20ac\u00a0<\/p>\n<p>Ce masque purifiant associe les propri\u00e9t\u00e9s absorbantes de l\u2019argile pour \u00e9liminer les toxines et les bienfaits apaisants du curcuma pour r\u00e9duire les rougeurs. Il laisse la peau douce, apais\u00e9e et matifi\u00e9e.<\/p>\n<p>Les atouts de la box :<\/p>\n<p>\u2022Une routine compl\u00e8te pour une peau nette et \u00e9clatante.<\/p>\n<p>\u2022Des formulations naturelles adapt\u00e9es aux peaux sujettes aux imperfections.<\/p>\n<p>\u2022Convient aux peaux mixtes \u00e0 grasses et sensibles.<\/p>\n<p>Prix : 75\u20ac<\/p>\n<p>Disponible en \u00e9dition limit\u00e9e pour adopter ou offrir un rituel 100 % clean.<\/p>\n","protected":false},"excerpt":{"rendered":"<p>Prenez soin de votre peau avec cette routine compl\u00e8te con\u00e7ue pour lutter contre les imperfections et r\u00e9v\u00e9ler un teint lisse et \u00e9clatant. Id\u00e9ale pour les peaux sujettes \u00e0 l\u2019acn\u00e9, cette box associe des actifs puissants et naturels pour une peau saine et purifi\u00e9e.<\/p>\n<div id=\"gtx-trans\" style=\"position: absolute;left: -11px;top: 54px\" data-mce-style=\"position: absolute; left: -11px; top: 54px;\">\n<div class=\"gtx-trans-icon\"><\/div>\n<\/div>\n","protected":false},"featured_media":6657,"comment_status":"open","ping_status":"closed","template":"","meta":{"_acf_changed":false,"_seopress_robots_primary_cat":"","_seopress_titles_title":"","_seopress_titles_desc":"","_seopress_robots_index":"","_mi_skip_tracking":false},"product_cat":[67,57,45],"product_tag":[],"class_list":{"0":"post-167","1":"product","2":"type-product","3":"status-publish","4":"has-post-thumbnail","6":"product_cat-lotions","7":"product_cat-nettoyants","8":"product_cat-soins-corporels","9":"product_shipping_class-3-5-jours-ouvres","10":"pa_volume-500-ml","13":"instock","14":"shipping-taxable","15":"purchasable","16":"product-type-simple"},"acf":[],"_links":{"self":[{"href":"https:\/\/gracecos.fr\/index.php\/wp-json\/wp\/v2\/product\/167","targetHints":{"allow":["GET"]}}],"collection":[{"href":"https:\/\/gracecos.fr\/index.php\/wp-json\/wp\/v2\/product"}],"about":[{"href":"https:\/\/gracecos.fr\/index.php\/wp-json\/wp\/v2\/types\/product"}],"replies":[{"embeddable":true,"href":"https:\/\/gracecos.fr\/index.php\/wp-json\/wp\/v2\/comments?post=167"}],"version-history":[{"count":6,"href":"https:\/\/gracecos.fr\/index.php\/wp-json\/wp\/v2\/product\/167\/revisions"}],"predecessor-version":[{"id":6153,"href":"https:\/\/gracecos.fr\/index.php\/wp-json\/wp\/v2\/product\/167\/revisions\/6153"}],"wp:featuredmedia":[{"embeddable":true,"href":"https:\/\/gracecos.fr\/index.php\/wp-json\/wp\/v2\/media\/6657"}],"wp:attachment":[{"href":"https:\/\/gracecos.fr\/index.php\/wp-json\/wp\/v2\/media?parent=167"}],"wp:term":[{"taxonomy":"product_cat","embeddable":true,"href":"https:\/\/gracecos.fr\/index.php\/wp-json\/wp\/v2\/product_cat?post=167"},{"taxonomy":"product_tag","embeddable":true,"href":"https:\/\/gracecos.fr\/index.php\/wp-json\/wp\/v2\/product_tag?post=167"}],"curies":[{"name":"wp","href":"https:\/\/api.w.org\/{rel}","templated":true}]}}