{"id":152,"date":"2021-10-20T04:30:24","date_gmt":"2021-10-20T04:30:24","guid":{"rendered":"https:\/\/hara.thembaydev.com\/?post_type=product&#038;p=152"},"modified":"2025-07-27T04:28:06","modified_gmt":"2025-07-27T02:28:06","slug":"gamme-glow","status":"publish","type":"product","link":"https:\/\/gracecos.fr\/index.php\/product\/gamme-glow\/","title":{"rendered":"Clear&#038;clean"},"content":{"rendered":"<p>Ce que contient la box :<\/p>\n<p>1.Gommage Corps Citron &amp; Curcuma (200 ml) 30\u20ac<\/p>\n<p>Un soin exfoliant d\u00e9licieusement parfum\u00e9 qui \u00e9limine les impuret\u00e9s , les taches d\u2019hyperpigmentations et affine le grain de peau gr\u00e2ce aux propri\u00e9t\u00e9s tonifiantes du citron et du curcuma. Pour une peau lisse et revitalis\u00e9e.<\/p>\n<p>2.S\u00e9rum Glow Up Acides de Fruits &amp; Kojic (30 ml) 20\u20ac<\/p>\n<p>Boostez l\u2019\u00e9clat naturel de votre visage avec ce s\u00e9rum puissant. Enrichi en acides de fruits pour exfolier en douceur et en acide kojique pour unifier le teint, il r\u00e9v\u00e8le une peau lumineuse et radieuse.<\/p>\n<p>3.Huile Corps Rose musqu\u00e9 d\u2019\u00e9glantier \u00a0(200 ml) 15\u20ac<\/p>\n<p>Cette huile nourrissante et r\u00e9paratrice p\u00e9n\u00e8tre rapidement pour hydrater en profondeur. Id\u00e9ale pour sublimer la peau, elle est riche en vitamines et antioxydants pour un effet satin\u00e9 et apais\u00e9.<\/p>\n<p>Les atouts de la box :<\/p>\n<p>\u2022Formulations naturelles, respectueuses de la peau et de l\u2019environnement.<\/p>\n<p>\u2022Un packaging festif et \u00e9co-responsable, parfait pour offrir.<\/p>\n<p>\u2022Convient \u00e0 tous types de peaux, m\u00eame les plus sensibles.<\/p>\n<p>Disponible en \u00e9dition limit\u00e9e pour les f\u00eates<\/p>\n<p>Faites plaisir \u00e0 vos proches ou \u00e0 vous-m\u00eame avec un coffret qui allie efficacit\u00e9 et bien-\u00eatre naturel !<\/p>\n","protected":false},"excerpt":{"rendered":"<p>Box No\u00ebl Clear &amp; Clean<\/p>\n<p>Offrez un rituel beaut\u00e9 complet pour des f\u00eates \u00e9clatantes avec cette s\u00e9lection de soins naturels et efficaces. Sp\u00e9cialement con\u00e7ue pour prendre soin de la peau tout en douceur, cette box associe exfoliation, \u00e9clat et nutrition.<\/p>\n","protected":false},"featured_media":6645,"comment_status":"open","ping_status":"closed","template":"","meta":{"_acf_changed":false,"_seopress_robots_primary_cat":"","_seopress_titles_title":"","_seopress_titles_desc":"","_seopress_robots_index":"","_mi_skip_tracking":false},"product_cat":[70,61],"product_tag":[],"class_list":{"0":"post-152","1":"product","2":"type-product","3":"status-publish","4":"has-post-thumbnail","6":"product_cat-gommages","7":"product_cat-huiles-cremes","8":"product_shipping_class-3-5-jours-ouvres","11":"instock","12":"shipping-taxable","13":"purchasable","14":"product-type-simple"},"acf":[],"_links":{"self":[{"href":"https:\/\/gracecos.fr\/index.php\/wp-json\/wp\/v2\/product\/152","targetHints":{"allow":["GET"]}}],"collection":[{"href":"https:\/\/gracecos.fr\/index.php\/wp-json\/wp\/v2\/product"}],"about":[{"href":"https:\/\/gracecos.fr\/index.php\/wp-json\/wp\/v2\/types\/product"}],"replies":[{"embeddable":true,"href":"https:\/\/gracecos.fr\/index.php\/wp-json\/wp\/v2\/comments?post=152"}],"version-history":[{"count":6,"href":"https:\/\/gracecos.fr\/index.php\/wp-json\/wp\/v2\/product\/152\/revisions"}],"predecessor-version":[{"id":6647,"href":"https:\/\/gracecos.fr\/index.php\/wp-json\/wp\/v2\/product\/152\/revisions\/6647"}],"wp:featuredmedia":[{"embeddable":true,"href":"https:\/\/gracecos.fr\/index.php\/wp-json\/wp\/v2\/media\/6645"}],"wp:attachment":[{"href":"https:\/\/gracecos.fr\/index.php\/wp-json\/wp\/v2\/media?parent=152"}],"wp:term":[{"taxonomy":"product_cat","embeddable":true,"href":"https:\/\/gracecos.fr\/index.php\/wp-json\/wp\/v2\/product_cat?post=152"},{"taxonomy":"product_tag","embeddable":true,"href":"https:\/\/gracecos.fr\/index.php\/wp-json\/wp\/v2\/product_tag?post=152"}],"curies":[{"name":"wp","href":"https:\/\/api.w.org\/{rel}","templated":true}]}}