{"id":6288,"date":"2024-03-29T11:31:04","date_gmt":"2024-03-29T10:31:04","guid":{"rendered":"https:\/\/gracecos.fr\/?page_id=6288"},"modified":"2024-03-29T12:26:12","modified_gmt":"2024-03-29T11:26:12","slug":"politique-de-vente","status":"publish","type":"page","link":"https:\/\/gracecos.fr\/index.php\/politique-de-vente\/","title":{"rendered":"Politique de Vente"},"content":{"rendered":"<p><strong>Introduction :<\/strong><\/p>\n<p>Bienvenue sur <a href=\"http:\/\/www.gracecos.fr\/\" target=\"_new\" rel=\"noopener\">www.gracecos.fr<\/a>, la r\u00e9f\u00e9rence en ligne pour les cosm\u00e9tiques afro de qualit\u00e9 en France. Nous vous offrons une exp\u00e9rience d&#8217;achat personnalis\u00e9e et s\u00e9curis\u00e9e.<\/p>\n<p><strong>Commandes :<\/strong><\/p>\n<p>Les commandes se font exclusivement en ligne, \u00e0 travers notre site s\u00e9curis\u00e9. Chaque produit disponible \u00e0 la vente est d\u00e9crit et pr\u00e9sent\u00e9 avec la plus grande pr\u00e9cision possible.<\/p>\n<p><strong>Prix :<\/strong><\/p>\n<p>Les prix de nos produits sont indiqu\u00e9s en euros, toutes taxes comprises (TVA incluse), hors frais de livraison. Grace&#8217;Cos se r\u00e9serve le droit de modifier les prix \u00e0 tout moment, tout en garantissant l&#8217;application du tarif en vigueur indiqu\u00e9 au moment de la commande.<\/p>\n<p><strong>Paiement :<\/strong><\/p>\n<p>Le paiement est exig\u00e9 au moment de la commande. Vous pouvez r\u00e9gler vos achats en toute s\u00e9curit\u00e9 via le service Paypal ou par tout autre moyen propos\u00e9 sur notre site. Le d\u00e9bit de la carte est effectu\u00e9 au moment de la commande.<\/p>\n<p><strong>Livraison :<\/strong><\/p>\n<p>Nous exp\u00e9dions les produits en France m\u00e9tropolitaine selon les modalit\u00e9s d\u00e9crites dans notre <a href=\"https:\/\/gracecos.fr\/index.php\/politique-de-livraison\/\">politique de livraison<\/a>. Les d\u00e9lais annonc\u00e9s sont calcul\u00e9s en jours ouvrables.<\/p>\n<p><strong>R\u00e9tractation et Retours :<\/strong><\/p>\n<p>Conform\u00e9ment \u00e0 la l\u00e9gislation, vous disposez d&#8217;un droit de r\u00e9tractation de 14 jours \u00e0 compter de la r\u00e9ception de vos produits. Consultez notre politique de r\u00e9tractation pour les d\u00e9tails sur la proc\u00e9dure de retour et de remboursement.<\/p>\n<p><strong>Garantie :<\/strong><\/p>\n<p>Tous nos produits b\u00e9n\u00e9ficient de la garantie l\u00e9gale de conformit\u00e9 et de la garantie des vices cach\u00e9s. En cas de non-conformit\u00e9 d&#8217;un produit vendu, il pourra \u00eatre retourn\u00e9 et \u00e9chang\u00e9 ou rembours\u00e9.<\/p>\n<p><strong>Service Client :<\/strong><\/p>\n<p>Notre service client est \u00e0 votre disposition pour r\u00e9pondre \u00e0 toutes vos questions. Vous pouvez nous contacter via l&#8217;email fourni sur notre site.<\/p>\n<p><strong>Confidentialit\u00e9 :<\/strong><\/p>\n<p>Grace Cosm\u00e9tiques s&#8217;engage \u00e0 prot\u00e9ger la vie priv\u00e9e de ses clients en assurant la confidentialit\u00e9 des informations personnelles fournies lors des commandes.<\/p>\n<p><strong>Acceptation des Conditions :<\/strong><\/p>\n<p>En passant commande sur <a href=\"http:\/\/www.gracecos.fr\/\" target=\"_new\" rel=\"noopener\">www.gracecos.fr<\/a>, vous reconnaissez avoir lu, compris et accept\u00e9 sans r\u00e9serve la pr\u00e9sente politique de vente.<\/p>\n<p>Grace&#8217;Cos s&#8217;efforce d&#8217;offrir la meilleure qualit\u00e9 de produits et services pour satisfaire sa client\u00e8le et promouvoir la beaut\u00e9 afro avec fiert\u00e9 et respect.<\/p>\n","protected":false},"excerpt":{"rendered":"<p>Introduction : Bienvenue sur www.gracecos.fr, la r\u00e9f\u00e9rence en ligne pour les cosm\u00e9tiques afro de qualit\u00e9 en France. Nous vous offrons une exp\u00e9rience d&#8217;achat personnalis\u00e9e et s\u00e9curis\u00e9e. Commandes : Les commandes se font exclusivement en ligne, \u00e0 travers notre site s\u00e9curis\u00e9. Chaque produit disponible \u00e0 la vente est d\u00e9crit et pr\u00e9sent\u00e9 avec la plus grande pr\u00e9cision &hellip; <a href=\"https:\/\/gracecos.fr\/index.php\/politique-de-vente\/\" class=\"more-link\">Continue reading <span class=\"screen-reader-text\">Politique de Vente<\/span><\/a><\/p>\n","protected":false},"author":1,"featured_media":0,"parent":0,"menu_order":0,"comment_status":"closed","ping_status":"open","template":"","meta":{"_acf_changed":false,"_seopress_robots_primary_cat":"","_seopress_titles_title":"","_seopress_titles_desc":"","_seopress_robots_index":"","_mi_skip_tracking":false,"footnotes":""},"class_list":["post-6288","page","type-page","status-publish","hentry"],"acf":[],"_links":{"self":[{"href":"https:\/\/gracecos.fr\/index.php\/wp-json\/wp\/v2\/pages\/6288","targetHints":{"allow":["GET"]}}],"collection":[{"href":"https:\/\/gracecos.fr\/index.php\/wp-json\/wp\/v2\/pages"}],"about":[{"href":"https:\/\/gracecos.fr\/index.php\/wp-json\/wp\/v2\/types\/page"}],"author":[{"embeddable":true,"href":"https:\/\/gracecos.fr\/index.php\/wp-json\/wp\/v2\/users\/1"}],"replies":[{"embeddable":true,"href":"https:\/\/gracecos.fr\/index.php\/wp-json\/wp\/v2\/comments?post=6288"}],"version-history":[{"count":1,"href":"https:\/\/gracecos.fr\/index.php\/wp-json\/wp\/v2\/pages\/6288\/revisions"}],"predecessor-version":[{"id":6289,"href":"https:\/\/gracecos.fr\/index.php\/wp-json\/wp\/v2\/pages\/6288\/revisions\/6289"}],"wp:attachment":[{"href":"https:\/\/gracecos.fr\/index.php\/wp-json\/wp\/v2\/media?parent=6288"}],"curies":[{"name":"wp","href":"https:\/\/api.w.org\/{rel}","templated":true}]}}