{"id":6286,"date":"2024-03-29T11:25:39","date_gmt":"2024-03-29T10:25:39","guid":{"rendered":"https:\/\/gracecos.fr\/?page_id=6286"},"modified":"2024-03-29T12:25:41","modified_gmt":"2024-03-29T11:25:41","slug":"politique-de-retractation","status":"publish","type":"page","link":"https:\/\/gracecos.fr\/index.php\/politique-de-retractation\/","title":{"rendered":"Politique de R\u00e9tractation"},"content":{"rendered":"<p><strong>1. Droit de R\u00e9tractation :<\/strong><\/p>\n<p>Chez Grace Cosm\u00e9tiques, <a href=\"http:\/\/www.gracecos.fr\/\" target=\"_new\" rel=\"noopener\">www.gracecos.fr<\/a>, vous avez la libert\u00e9 de changer d&#8217;avis. Conform\u00e9ment \u00e0 la r\u00e9glementation, vous disposez d&#8217;un droit de r\u00e9tractation sans justification, dans un d\u00e9lai de 14 jours apr\u00e8s r\u00e9ception de votre commande.<\/p>\n<p><strong>2. Exercice du Droit de R\u00e9tractation :<\/strong><\/p>\n<p>Pour annuler votre contrat d&#8217;achat, il suffit de nous informer de votre d\u00e9cision par une d\u00e9claration claire (par exemple, par courrier postal, fax ou email) \u00e0 l&#8217;adresse suivante : [adresse compl\u00e8te de Grace Cosm\u00e9tiques, code postal, ville, pays, num\u00e9ro de t\u00e9l\u00e9phone, adresse e-mail]. Vous avez \u00e9galement la possibilit\u00e9 d&#8217;utiliser notre mod\u00e8le de formulaire de r\u00e9tractation, bien que cela ne soit pas obligatoire.<\/p>\n<p><strong>3. Conditions de Retour :<\/strong><\/p>\n<p>Apr\u00e8s nous avoir notifi\u00e9 votre d\u00e9cision de r\u00e9tractation, vous devez nous retourner les produits \u00e0 [adresse de retour], sans retards excessifs et, dans tous les cas, au plus tard 14 jours apr\u00e8s la notification. Ce d\u00e9lai est consid\u00e9r\u00e9 respect\u00e9 si vous renvoyez les articles avant l\u2019expiration du d\u00e9lai de 14 jours.<\/p>\n<p><strong>4. Remboursement :<\/strong><\/p>\n<p>En cas de r\u00e9tractation, Grace Cosm\u00e9tiques s&#8217;engage \u00e0 vous rembourser tous les paiements re\u00e7us, y compris les frais de livraison standard, sans retard inutile et, au plus tard, 14 jours \u00e0 compter de la notification de votre d\u00e9cision. Le remboursement sera effectu\u00e9 via le m\u00eame moyen de paiement que celui utilis\u00e9 pour la transaction initiale, \u00e0 moins que vous ne conveniez d\u2019un moyen diff\u00e9rent. Ce remboursement n&#8217;engendrera aucun frais suppl\u00e9mentaire pour vous.<\/p>\n<p><strong>5. Frais de Retour :<\/strong><\/p>\n<p>Les frais directs de retour des produits sont \u00e0 votre charge.<\/p>\n<p><strong>6. Responsabilit\u00e9 en cas de D\u00e9pr\u00e9ciation :<\/strong><\/p>\n<p>Vous \u00eates responsable uniquement de la d\u00e9pr\u00e9ciation des produits r\u00e9sultant de manipulations autres que celles n\u00e9cessaires pour s\u2019assurer de la nature, des caract\u00e9ristiques et du bon fonctionnement des articles.<\/p>\n<p>Chez Grace Cosm\u00e9tiques, nous sommes d\u00e9di\u00e9s \u00e0 votre satisfaction et nous nous effor\u00e7ons de rendre votre exp\u00e9rience de shopping aussi agr\u00e9able que possible. Pour toute question, notre service client est \u00e0 votre disposition.<\/p>\n","protected":false},"excerpt":{"rendered":"<p>1. Droit de R\u00e9tractation : Chez Grace Cosm\u00e9tiques, www.gracecos.fr, vous avez la libert\u00e9 de changer d&#8217;avis. Conform\u00e9ment \u00e0 la r\u00e9glementation, vous disposez d&#8217;un droit de r\u00e9tractation sans justification, dans un d\u00e9lai de 14 jours apr\u00e8s r\u00e9ception de votre commande. 2. Exercice du Droit de R\u00e9tractation : Pour annuler votre contrat d&#8217;achat, il suffit de nous &hellip; <a href=\"https:\/\/gracecos.fr\/index.php\/politique-de-retractation\/\" class=\"more-link\">Continue reading <span class=\"screen-reader-text\">Politique de R\u00e9tractation<\/span><\/a><\/p>\n","protected":false},"author":1,"featured_media":0,"parent":0,"menu_order":0,"comment_status":"closed","ping_status":"open","template":"","meta":{"_acf_changed":false,"_seopress_robots_primary_cat":"","_seopress_titles_title":"","_seopress_titles_desc":"","_seopress_robots_index":"","_mi_skip_tracking":false,"footnotes":""},"class_list":["post-6286","page","type-page","status-publish","hentry"],"acf":[],"_links":{"self":[{"href":"https:\/\/gracecos.fr\/index.php\/wp-json\/wp\/v2\/pages\/6286","targetHints":{"allow":["GET"]}}],"collection":[{"href":"https:\/\/gracecos.fr\/index.php\/wp-json\/wp\/v2\/pages"}],"about":[{"href":"https:\/\/gracecos.fr\/index.php\/wp-json\/wp\/v2\/types\/page"}],"author":[{"embeddable":true,"href":"https:\/\/gracecos.fr\/index.php\/wp-json\/wp\/v2\/users\/1"}],"replies":[{"embeddable":true,"href":"https:\/\/gracecos.fr\/index.php\/wp-json\/wp\/v2\/comments?post=6286"}],"version-history":[{"count":1,"href":"https:\/\/gracecos.fr\/index.php\/wp-json\/wp\/v2\/pages\/6286\/revisions"}],"predecessor-version":[{"id":6287,"href":"https:\/\/gracecos.fr\/index.php\/wp-json\/wp\/v2\/pages\/6286\/revisions\/6287"}],"wp:attachment":[{"href":"https:\/\/gracecos.fr\/index.php\/wp-json\/wp\/v2\/media?parent=6286"}],"curies":[{"name":"wp","href":"https:\/\/api.w.org\/{rel}","templated":true}]}}