{"id":6282,"date":"2024-03-29T11:18:12","date_gmt":"2024-03-29T10:18:12","guid":{"rendered":"https:\/\/gracecos.fr\/?page_id=6282"},"modified":"2024-03-29T12:25:15","modified_gmt":"2024-03-29T11:25:15","slug":"politique-de-livraison","status":"publish","type":"page","link":"https:\/\/gracecos.fr\/index.php\/politique-de-livraison\/","title":{"rendered":"Politique de Livraison"},"content":{"rendered":"<p><strong>Livraison en France M\u00e9tropolitaine :<\/strong><\/p>\n<p>Chez Grace&#8217;Cos, nous nous engageons \u00e0 traiter et exp\u00e9dier votre commande dans les plus brefs d\u00e9lais. Nos d\u00e9lais de livraison standard en France m\u00e9tropolitaine sont de 3 \u00e0 5 jours ouvr\u00e9s \u00e0 compter de la confirmation de la commande, avec un tarif fixe de 10,00 \u20ac. Pour toute commande sup\u00e9rieure \u00e0 160,00 \u20ac, nous avons le plaisir d&#8217;offrir la livraison gratuite.<\/p>\n<p><strong>Informations Importantes :<\/strong><\/p>\n<p>Veuillez noter que nos tarifs de livraison ne comprennent pas les droits de douane, les taxes et autres frais suppl\u00e9mentaires qui peuvent \u00eatre appliqu\u00e9s pour des livraisons internationales. Il est de la responsabilit\u00e9 du client de s&#8217;informer et de r\u00e9gler ces frais suppl\u00e9mentaires qui peuvent \u00eatre exig\u00e9s \u00e0 la destination.<\/p>\n<p><strong>Livraisons Internationales :<\/strong><\/p>\n<p>Pour le moment, nos services de livraison sont exclusivement assur\u00e9s pour la France m\u00e9tropolitaine. Nous travaillons activement \u00e0 l&#8217;expansion de nos services pour inclure les livraisons internationales dans l&#8217;avenir.<\/p>\n<p><strong>Pr\u00e9cautions et Conseils :<\/strong><\/p>\n<p>Nous recommandons \u00e0 nos clients de v\u00e9rifier l&#8217;exactitude de l&#8217;adresse de livraison avant de finaliser leur commande. Grace Cosm\u00e9tiques n&#8217;est pas responsable des retards de livraison caus\u00e9s par des erreurs d&#8217;adresse ou des circonstances ind\u00e9pendantes de notre volont\u00e9.<\/p>\n<p>Pour toutes questions relatives \u00e0 la livraison, n&#8217;h\u00e9sitez pas \u00e0 contacter notre service client \u00e0 l&#8217;adresse suivante : <a href=\"mailto:serviceclient@gracecos.fr\" target=\"_new\" rel=\"noopener\">serviceclient@gracecos.fr<\/a>. Nous sommes l\u00e0 pour vous aider et vous assurer la meilleure exp\u00e9rience possible avec Grace&#8217;Cos.<\/p>\n<div id=\"gtx-trans\" style=\"position: absolute; left: 84px; top: 341.266px;\">\n<div class=\"gtx-trans-icon\"><\/div>\n<\/div>\n","protected":false},"excerpt":{"rendered":"<p>Livraison en France M\u00e9tropolitaine : Chez Grace&#8217;Cos, nous nous engageons \u00e0 traiter et exp\u00e9dier votre commande dans les plus brefs d\u00e9lais. Nos d\u00e9lais de livraison standard en France m\u00e9tropolitaine sont de 3 \u00e0 5 jours ouvr\u00e9s \u00e0 compter de la confirmation de la commande, avec un tarif fixe de 10,00 \u20ac. Pour toute commande sup\u00e9rieure &hellip; <a href=\"https:\/\/gracecos.fr\/index.php\/politique-de-livraison\/\" class=\"more-link\">Continue reading <span class=\"screen-reader-text\">Politique de Livraison<\/span><\/a><\/p>\n","protected":false},"author":1,"featured_media":0,"parent":0,"menu_order":0,"comment_status":"closed","ping_status":"open","template":"","meta":{"_acf_changed":false,"_seopress_robots_primary_cat":"","_seopress_titles_title":"","_seopress_titles_desc":"","_seopress_robots_index":"","_mi_skip_tracking":false,"footnotes":""},"class_list":["post-6282","page","type-page","status-publish","hentry"],"acf":[],"_links":{"self":[{"href":"https:\/\/gracecos.fr\/index.php\/wp-json\/wp\/v2\/pages\/6282","targetHints":{"allow":["GET"]}}],"collection":[{"href":"https:\/\/gracecos.fr\/index.php\/wp-json\/wp\/v2\/pages"}],"about":[{"href":"https:\/\/gracecos.fr\/index.php\/wp-json\/wp\/v2\/types\/page"}],"author":[{"embeddable":true,"href":"https:\/\/gracecos.fr\/index.php\/wp-json\/wp\/v2\/users\/1"}],"replies":[{"embeddable":true,"href":"https:\/\/gracecos.fr\/index.php\/wp-json\/wp\/v2\/comments?post=6282"}],"version-history":[{"count":3,"href":"https:\/\/gracecos.fr\/index.php\/wp-json\/wp\/v2\/pages\/6282\/revisions"}],"predecessor-version":[{"id":6285,"href":"https:\/\/gracecos.fr\/index.php\/wp-json\/wp\/v2\/pages\/6282\/revisions\/6285"}],"wp:attachment":[{"href":"https:\/\/gracecos.fr\/index.php\/wp-json\/wp\/v2\/media?parent=6282"}],"curies":[{"name":"wp","href":"https:\/\/api.w.org\/{rel}","templated":true}]}}